{"id":969,"date":"2022-04-05T16:36:26","date_gmt":"2022-04-05T14:36:26","guid":{"rendered":"https:\/\/kroonintcoating.com\/pl\/?page_id=969"},"modified":"2023-06-09T15:41:01","modified_gmt":"2023-06-09T13:41:01","slug":"samples-aanvragen","status":"publish","type":"page","link":"https:\/\/kroonintcoating.com\/pl\/samples-aanvragen\/","title":{"rendered":"Popro\u015b o pr\u00f3bki"},"content":{"rendered":"<div class=\"post-content clearfix\"><div class=\"wpforms-container wpforms-container-full krint-form krint-form--inverse\" id=\"wpforms-964\"><form id=\"wpforms-form-964\" class=\"wpforms-validate wpforms-form wpforms-ajax-form\" data-formid=\"964\" method=\"post\" enctype=\"multipart\/form-data\" action=\"\/pl\/wp-json\/wp\/v2\/pages\/969\" data-token=\"dc8ab7564e1fdf2252b6edbc6b1435df\" data-token-time=\"1776613079\"><noscript class=\"wpforms-error-noscript\">Aby wype\u0142ni\u0107 ten formularz, w\u0142\u0105cz obs\u0142ug\u0119 JavaScript w przegl\u0105darce.<\/noscript><div class=\"wpforms-field-container\"><div id=\"wpforms-964-field_4-container\" class=\"wpforms-field wpforms-field-text\" data-field-id=\"4\"><label class=\"wpforms-field-label wpforms-label-hide\" for=\"wpforms-964-field_4\">Bedrijfnaam<\/label><input type=\"text\" id=\"wpforms-964-field_4\" class=\"wpforms-field-large\" name=\"wpforms[fields][4]\" placeholder=\" Nazwa firmy\" ><\/div><div id=\"wpforms-964-field_6-container\" class=\"wpforms-field wpforms-field-name wpforms-one-third wpforms-first\" data-field-id=\"6\"><input type=\"text\" id=\"wpforms-964-field_6\" class=\"wpforms-field-large wpforms-field-required\" name=\"wpforms[fields][6]\" placeholder=\"Imi\u0119*\" required><\/div><div id=\"wpforms-964-field_12-container\" class=\"wpforms-field wpforms-field-name wpforms-two-thirds wpforms-last\" data-field-id=\"12\"><input type=\"text\" id=\"wpforms-964-field_12\" class=\"wpforms-field-large wpforms-field-required\" name=\"wpforms[fields][12]\" placeholder=\"nazwisko*\" required><\/div><div id=\"wpforms-964-field_8-container\" class=\"wpforms-field wpforms-field-text\" data-field-id=\"8\"><label class=\"wpforms-field-label wpforms-label-hide\" for=\"wpforms-964-field_8\">Adres <span class=\"wpforms-required-label\">*<\/span><\/label><input type=\"text\" id=\"wpforms-964-field_8\" class=\"wpforms-field-large wpforms-field-required\" name=\"wpforms[fields][8]\" placeholder=\"Adres*\" required><\/div><div id=\"wpforms-964-field_9-container\" class=\"wpforms-field wpforms-field-text wpforms-one-fourth wpforms-first\" data-field-id=\"9\"><label class=\"wpforms-field-label wpforms-label-hide\" for=\"wpforms-964-field_9\">Postcode <span class=\"wpforms-required-label\">*<\/span><\/label><input type=\"text\" id=\"wpforms-964-field_9\" class=\"wpforms-field-large wpforms-field-required\" name=\"wpforms[fields][9]\" placeholder=\"Kod pocztowy*\" required><\/div><div id=\"wpforms-964-field_10-container\" class=\"wpforms-field wpforms-field-text wpforms-three-fourths wpforms-second\" data-field-id=\"10\"><label class=\"wpforms-field-label wpforms-label-hide\" for=\"wpforms-964-field_10\">Plaats <span class=\"wpforms-required-label\">*<\/span><\/label><input type=\"text\" id=\"wpforms-964-field_10\" class=\"wpforms-field-large wpforms-field-required\" name=\"wpforms[fields][10]\" placeholder=\"Miejscowo\u015b\u0107*\" required><\/div><div id=\"wpforms-964-field_20-container\" class=\"wpforms-field wpforms-field-number\" data-field-id=\"20\"><label class=\"wpforms-field-label wpforms-label-hide\" for=\"wpforms-964-field_20\">Telefoonnummer <span class=\"wpforms-required-label\">*<\/span><\/label><input type=\"number\" id=\"wpforms-964-field_20\" class=\"wpforms-field-large wpforms-field-required\" name=\"wpforms[fields][20]\" placeholder=\"Numer telefonu stacjonarnego*\" step=\"any\" required><\/div><div id=\"wpforms-964-field_18-container\" class=\"wpforms-field wpforms-field-email\" data-field-id=\"18\"><label class=\"wpforms-field-label wpforms-label-hide\" for=\"wpforms-964-field_18\">Email <span class=\"wpforms-required-label\">*<\/span><\/label><input type=\"email\" id=\"wpforms-964-field_18\" class=\"wpforms-field-large wpforms-field-required\" name=\"wpforms[fields][18]\" placeholder=\"Adres e-mail*\" spellcheck=\"false\" required><\/div><div id=\"wpforms-964-field_22-container\" class=\"wpforms-field wpforms-field-select wpforms-field-select-style-classic\" data-field-id=\"22\"><label class=\"wpforms-field-label\" for=\"wpforms-964-field_22\">Kies sample<\/label><select id=\"wpforms-964-field_22\" class=\"wpforms-field-medium\" name=\"wpforms[fields][22][]\" multiple=\"multiple\"><option value=\"KPC 1110 \u2013 AK FF COAT\"  class=\"choice-1 depth-1\"  >KPC 1110 \u2013 AK FF COAT<\/option><option value=\"KPC 1207 \u2013 AK GRONDLAK\"  class=\"choice-2 depth-1\"  >KPC 1207 \u2013 AK GRONDLAK<\/option><option value=\"KPC 1230 \u2013 AK IJZERMENIE\"  class=\"choice-3 depth-1\"  >KPC 1230 \u2013 AK IJZERMENIE<\/option><option value=\"KPC 1300 \u2013 AK LAKVERF HOOGGLANS\"  class=\"choice-4 depth-1\"  >KPC 1300 \u2013 AK LAKVERF HOOGGLANS<\/option><option value=\"KPC 1303 \u2013 AK LOOPDEKKENVERF\"  class=\"choice-5 depth-1\"  >KPC 1303 \u2013 AK LOOPDEKKENVERF<\/option><option value=\"KPC 1305 \u2013 AK RUIMVERF\"  class=\"choice-6 depth-1\"  >KPC 1305 \u2013 AK RUIMVERF<\/option><option value=\"KPC 1306 \u2013 AK BUIZENCOAT\"  class=\"choice-7 depth-1\"  >KPC 1306 \u2013 AK BUIZENCOAT<\/option><option value=\"KPC 1501 \u2013 AK IJZERGLIMMER HB\"  class=\"choice-8 depth-1\"  >KPC 1501 \u2013 AK IJZERGLIMMER HB<\/option><option value=\"KPC 1505 \u2013 AK UNIVERSELE PRIMER\"  class=\"choice-9 depth-1\"  >KPC 1505 \u2013 AK UNIVERSELE PRIMER<\/option><option value=\"KPC 1801 \u2013 PU AK HOOGGLANS\"  class=\"choice-10 depth-1\"  >KPC 1801 \u2013 PU AK HOOGGLANS<\/option><option value=\"KPC 1802 \u2013 PU AK ZIJDEGLANS\"  class=\"choice-11 depth-1\"  >KPC 1802 \u2013 PU AK ZIJDEGLANS<\/option><option value=\"KPC 1803 \u2013 MARINE VARNISH\"  class=\"choice-12 depth-1\"  >KPC 1803 \u2013 MARINE VARNISH<\/option><option value=\"KPC 1901 \u2013 AK HITTEBESTENDIGE COATING\"  class=\"choice-13 depth-1\"  >KPC 1901 \u2013 AK HITTEBESTENDIGE COATING<\/option><option value=\"KPC 2015 \u2013 DUOCOAT 15% GLANS\"  class=\"choice-14 depth-1\"  >KPC 2015 \u2013 DUOCOAT 15% GLANS<\/option><option value=\"KPC 2040 \u2013 DUOCOAT 40% GLANS\"  class=\"choice-38 depth-1\"  >KPC 2040 \u2013 DUOCOAT 40% GLANS<\/option><option value=\"KPC 2060 \u2013 FINISH HB 60% GLANS\"  class=\"choice-37 depth-1\"  >KPC 2060 \u2013 FINISH HB 60% GLANS<\/option><option value=\"KPC 2090 \u2013 FINISH HB 90% GLANS\"  class=\"choice-36 depth-1\"  >KPC 2090 \u2013 FINISH HB 90% GLANS<\/option><option value=\"KPC 2105 \u2013 AC PRIMER HB\"  class=\"choice-35 depth-1\"  >KPC 2105 \u2013 AC PRIMER HB<\/option><option value=\"KPC 2146 \u2013 AC COAT HB\"  class=\"choice-34 depth-1\"  >KPC 2146 \u2013 AC COAT HB<\/option><option value=\"KPC 2155 \u2013 AC REACTIE PRIMER HB\"  class=\"choice-33 depth-1\"  >KPC 2155 \u2013 AC REACTIE PRIMER HB<\/option><option value=\"KPC 2405 \u2013 LS PRIMER\"  class=\"choice-32 depth-1\"  >KPC 2405 \u2013 LS PRIMER<\/option><option value=\"KPC 2440 \u2013 LS COATING HB\"  class=\"choice-31 depth-1\"  >KPC 2440 \u2013 LS COATING HB<\/option><option value=\"KPC 2505 \u2013 EPEX PRIMER HB\"  class=\"choice-30 depth-1\"  >KPC 2505 \u2013 EPEX PRIMER HB<\/option><option value=\"KPC 2560 \u2013 EPEX COATING HB\"  class=\"choice-29 depth-1\"  >KPC 2560 \u2013 EPEX COATING HB<\/option><option value=\"KPC 2590 \u2013 EPEX COATING HB\"  class=\"choice-28 depth-1\"  >KPC 2590 \u2013 EPEX COATING HB<\/option><option value=\"KPC 2631 \u2013 HECHTPRIMER HB\"  class=\"choice-27 depth-1\"  >KPC 2631 \u2013 HECHTPRIMER HB<\/option><option value=\"KPC 2702 \u2013 SD LASPRIMER\"  class=\"choice-26 depth-1\"  >KPC 2702 \u2013 SD LASPRIMER<\/option><option value=\"KPC 3010 \u2013 CR LAKVERF\"  class=\"choice-25 depth-1\"  >KPC 3010 \u2013 CR LAKVERF<\/option><option value=\"KPC 3020 \u2013 CR LAKVERF HB\"  class=\"choice-24 depth-1\"  >KPC 3020 \u2013 CR LAKVERF HB<\/option><option value=\"KPC 3210 \u2013 CR PRIMER\"  class=\"choice-23 depth-1\"  >KPC 3210 \u2013 CR PRIMER<\/option><option value=\"KPC 3490 \u2013 OLIE BESTENDIGE VERF\"  class=\"choice-22 depth-1\"  >KPC 3490 \u2013 OLIE BESTENDIGE VERF<\/option><option value=\"KPC 3501 \u2013 CR ZINKCOMPOUND\"  class=\"choice-21 depth-1\"  >KPC 3501 \u2013 CR ZINKCOMPOUND<\/option><option value=\"KPC 3601 \u2013 VINYL LAKVERF HB\"  class=\"choice-20 depth-1\"  >KPC 3601 \u2013 VINYL LAKVERF HB<\/option><option value=\"KPC 3823 \u2013 VINYL IJZERGLIMMER HB\"  class=\"choice-19 depth-1\"  >KPC 3823 \u2013 VINYL IJZERGLIMMER HB<\/option><option value=\"KPC 3855 \u2013 BITUMEN HB\"  class=\"choice-18 depth-1\"  >KPC 3855 \u2013 BITUMEN HB<\/option><option value=\"KPC 3856 \u2013 GOTEN COAT HB\"  class=\"choice-17 depth-1\"  >KPC 3856 \u2013 GOTEN COAT HB<\/option><option value=\"KPC 3940 \u2013 AVT C\"  class=\"choice-16 depth-1\"  >KPC 3940 \u2013 AVT C<\/option><option value=\"KPC 3972 \u2013 BITULAK HB\"  class=\"choice-15 depth-1\"  >KPC 3972 \u2013 BITULAK HB<\/option><option value=\"KPC 4020 \u2013 WEGENVERF\"  class=\"choice-44 depth-1\"  >KPC 4020 \u2013 WEGENVERF<\/option><option value=\"KPC 4052 \u2013 THERMOLAK 900\"  class=\"choice-43 depth-1\"  >KPC 4052 \u2013 THERMOLAK 900<\/option><option value=\"KPC 4080 \u2013 ACRYL\"  class=\"choice-42 depth-1\"  >KPC 4080 \u2013 ACRYL<\/option><option value=\"KPC 4100 \u2013 THERMOLAK NS\"  class=\"choice-41 depth-1\"  >KPC 4100 \u2013 THERMOLAK NS<\/option><option value=\"KPC 4146 \u2013 ACR COAT HB\"  class=\"choice-40 depth-1\"  >KPC 4146 \u2013 ACR COAT HB<\/option><option value=\"KPC 4800 \u2013 FOOD GRADE ACRYL\"  class=\"choice-39 depth-1\"  >KPC 4800 \u2013 FOOD GRADE ACRYL<\/option><option value=\"KPC 5001 \u2013 EP ZINK COMPOUND\"  class=\"choice-50 depth-1\"  >KPC 5001 \u2013 EP ZINK COMPOUND<\/option><option value=\"KPC 5130 \u2013 EP FF PRIMER HB-HVV\"  class=\"choice-49 depth-1\"  >KPC 5130 \u2013 EP FF PRIMER HB-HVV<\/option><option value=\"KPC 5205 \u2013 EP SHOPPRIMER\"  class=\"choice-48 depth-1\"  >KPC 5205 \u2013 EP SHOPPRIMER<\/option><option value=\"KPC 5301 \u2013 EP COAT HB\"  class=\"choice-47 depth-1\"  >KPC 5301 \u2013 EP COAT HB<\/option><option value=\"KPC 5508 \u2013 EP IJZERGLIMMER HB\"  class=\"choice-46 depth-1\"  >KPC 5508 \u2013 EP IJZERGLIMMER HB<\/option><option value=\"KPC 5940 \u2013 EP AET COATING\"  class=\"choice-45 depth-1\"  >KPC 5940 \u2013 EP AET COATING<\/option><option value=\"KPC 6300 \u2013 PU FLUO AFLAK SYSTEEM\"  class=\"choice-61 depth-1\"  >KPC 6300 \u2013 PU FLUO AFLAK SYSTEEM<\/option><option value=\"KPC 6300 \u2013 PU AFLAK 80\u00b0 GLANS\"  class=\"choice-60 depth-1\"  >KPC 6300 \u2013 PU AFLAK 80\u00b0 GLANS<\/option><option value=\"KPC 6302 \u2013 PU AFLAK 50\u00b0 GLANS\"  class=\"choice-59 depth-1\"  >KPC 6302 \u2013 PU AFLAK 50\u00b0 GLANS<\/option><option value=\"KPC 6304 \u2013 PU AFLAK 40\u00b0 GLANS\"  class=\"choice-58 depth-1\"  >KPC 6304 \u2013 PU AFLAK 40\u00b0 GLANS<\/option><option value=\"KPC 6310 \u2013 PU AFLAK 5\u00b0 GLANS\"  class=\"choice-57 depth-1\"  >KPC 6310 \u2013 PU AFLAK 5\u00b0 GLANS<\/option><option value=\"KPC 6400 \u2013 PU VLOERCOAT\"  class=\"choice-56 depth-1\"  >KPC 6400 \u2013 PU VLOERCOAT<\/option><option value=\"KPC 6500 \u2013 PU HOOGGLANS AFLAK\"  class=\"choice-55 depth-1\"  >KPC 6500 \u2013 PU HOOGGLANS AFLAK<\/option><option value=\"KPC 6504 \u2013 PU ZFF-PRIMER HB\"  class=\"choice-54 depth-1\"  >KPC 6504 \u2013 PU ZFF-PRIMER HB<\/option><option value=\"KPC 6550 \u2013 PU HS DTM AFLAK\"  class=\"choice-53 depth-1\"  >KPC 6550 \u2013 PU HS DTM AFLAK<\/option><option value=\"KPC 6570 \u2013 PU HS DTM AFLAK\"  class=\"choice-52 depth-1\"  >KPC 6570 \u2013 PU HS DTM AFLAK<\/option><option value=\"KPC 6590 \u2013 PU HS DTM AFLAK\"  class=\"choice-51 depth-1\"  >KPC 6590 \u2013 PU HS DTM AFLAK<\/option><option value=\"KPC 7005 \u2013 AQUA LASPRIMER\"  class=\"choice-79 depth-1\"  >KPC 7005 \u2013 AQUA LASPRIMER<\/option><option value=\"KPC 7105 \u2013 AC AQUA PRIMER\"  class=\"choice-78 depth-1\"  >KPC 7105 \u2013 AC AQUA PRIMER<\/option><option value=\"KPC 7146 \u2013 AC AQUA COAT\"  class=\"choice-77 depth-1\"  >KPC 7146 \u2013 AC AQUA COAT<\/option><option value=\"KPC 7210 \u2013 AQUA FOOD COAT\"  class=\"choice-76 depth-1\"  >KPC 7210 \u2013 AQUA FOOD COAT<\/option><option value=\"KPC 7210 \u2013 FFC AC-AQUA FLOOR COAT\"  class=\"choice-75 depth-1\"  >KPC 7210 \u2013 FFC AC-AQUA FLOOR COAT<\/option><option value=\"KPC 7215 \u2013 AQUA LASPRIMER\"  class=\"choice-74 depth-1\"  >KPC 7215 \u2013 AQUA LASPRIMER<\/option><option value=\"KPC 7230 \u2013 AQUA RUST CONVERTER\"  class=\"choice-73 depth-1\"  >KPC 7230 \u2013 AQUA RUST CONVERTER<\/option><option value=\"KPC 7305 \u2013 AQUALINK PRIMER\"  class=\"choice-72 depth-1\"  >KPC 7305 \u2013 AQUALINK PRIMER<\/option><option value=\"KPC 7315 \u2013 AQUALINK HB AFLAK\"  class=\"choice-71 depth-1\"  >KPC 7315 \u2013 AQUALINK HB AFLAK<\/option><option value=\"KPC 7350 \u2013 AQUALINK HB AFLAK\"  class=\"choice-70 depth-1\"  >KPC 7350 \u2013 AQUALINK HB AFLAK<\/option><option value=\"KPC 7390 \u2013 AQUALINK HB AFLAK\"  class=\"choice-69 depth-1\"  >KPC 7390 \u2013 AQUALINK HB AFLAK<\/option><option value=\"KPC 7430 \u2013 AQUALINK PARKETLAK\"  class=\"choice-68 depth-1\"  >KPC 7430 \u2013 AQUALINK PARKETLAK<\/option><option value=\"KPC 7450 \u2013 FLOOREPOX\"  class=\"choice-67 depth-1\"  >KPC 7450 \u2013 FLOOREPOX<\/option><option value=\"KPC 7510 \u2013 AQUALINK CX\"  class=\"choice-66 depth-1\"  >KPC 7510 \u2013 AQUALINK CX<\/option><option value=\"KPC 7700 \u2013 TERRA TOP\"  class=\"choice-65 depth-1\"  >KPC 7700 \u2013 TERRA TOP<\/option><option value=\"KPC 7710 \u2013 LATEX GC\"  class=\"choice-64 depth-1\"  >KPC 7710 \u2013 LATEX GC<\/option><option value=\"KPC 7720 \u2013 TERRA IMPREGNEER\"  class=\"choice-63 depth-1\"  >KPC 7720 \u2013 TERRA IMPREGNEER<\/option><option value=\"KPC 7730 \u2013 TERRA TOP WALL SEALER\"  class=\"choice-62 depth-1\"  >KPC 7730 \u2013 TERRA TOP WALL SEALER<\/option><option value=\"KPC 9901 \u2013 VERDUNNING X\"  class=\"choice-86 depth-1\"  >KPC 9901 \u2013 VERDUNNING X<\/option><option value=\"KPC 9902 \u2013 VERDUNNING SN\"  class=\"choice-85 depth-1\"  >KPC 9902 \u2013 VERDUNNING SN<\/option><option value=\"KPC 9920 \u2013 VERDUNNING AK\"  class=\"choice-84 depth-1\"  >KPC 9920 \u2013 VERDUNNING AK<\/option><option value=\"KPC 9950 \u2013 VERDUNNING EP\"  class=\"choice-83 depth-1\"  >KPC 9950 \u2013 VERDUNNING EP<\/option><option value=\"KPC 9952 \u2013 VERDUNNING PU\"  class=\"choice-82 depth-1\"  >KPC 9952 \u2013 VERDUNNING PU<\/option><option value=\"KPC 9953 \u2013 VERDUNNING PU SLOW\"  class=\"choice-81 depth-1\"  >KPC 9953 \u2013 VERDUNNING PU SLOW<\/option><option value=\"KPC 9956 \u2013 SILICONEN VERWIJDERAAR\"  class=\"choice-80 depth-1\"  >KPC 9956 \u2013 SILICONEN VERWIJDERAAR<\/option><\/select><div class=\"wpforms-field-description\">* houdt de CMD-toets (Mac) of de Control-toets (Windows) ingedrukt voor het selecteren van meerdere samples.<\/div><\/div><div id=\"wpforms-964-field_17-container\" class=\"wpforms-field wpforms-field-textarea\" data-field-id=\"17\"><label class=\"wpforms-field-label wpforms-label-hide\" for=\"wpforms-964-field_17\">Eventuele opmerking(en)<\/label><textarea id=\"wpforms-964-field_17\" class=\"wpforms-field-large\" name=\"wpforms[fields][17]\" placeholder=\"Tutaj wpisz swoj\u0105 wiadomo\u015b\u0107 \" ><\/textarea><div class=\"wpforms-field-description\">* Pola obowi\u0105zkowe<\/div><\/div><\/div><!-- .wpforms-field-container --><div class=\"wpforms-submit-container\" ><input type=\"hidden\" name=\"wpforms[id]\" value=\"964\"><input type=\"hidden\" name=\"page_title\" value=\"\"><input type=\"hidden\" name=\"page_url\" value=\"https:\/\/kroonintcoating.com\/pl\/wp-json\/wp\/v2\/pages\/969\"><input type=\"hidden\" name=\"url_referer\" value=\"\"><button type=\"submit\" name=\"wpforms[submit]\" id=\"wpforms-submit-964\" class=\"wpforms-submit krint-btn krint-btn--submit krint-btn--submit--inverse\" data-alt-text=\"Wys\u0142a\u0107...\" data-submit-text=\"Wy\u015blij formularz kontaktowy\" aria-live=\"assertive\" value=\"wpforms-submit\">Wy\u015blij formularz kontaktowy<\/button><img loading=\"lazy\" decoding=\"async\" src=\"https:\/\/kroonintcoating.com\/pl\/wp-content\/plugins\/wpforms-lite\/assets\/images\/submit-spin.svg\" class=\"wpforms-submit-spinner\" style=\"display: none;\" width=\"26\" height=\"26\" alt=\"Wczytywanie\"><\/div><\/form><\/div>  <!-- .wpforms-container -->\n<\/div>","protected":false},"excerpt":{"rendered":"","protected":false},"author":4,"featured_media":0,"parent":0,"menu_order":0,"comment_status":"closed","ping_status":"closed","template":"page--with-sections.php","meta":{"_acf_changed":false,"footnotes":""},"class_list":["post-969","page","type-page","status-publish","hentry"],"acf":[],"_links":{"self":[{"href":"https:\/\/kroonintcoating.com\/pl\/wp-json\/wp\/v2\/pages\/969","targetHints":{"allow":["GET"]}}],"collection":[{"href":"https:\/\/kroonintcoating.com\/pl\/wp-json\/wp\/v2\/pages"}],"about":[{"href":"https:\/\/kroonintcoating.com\/pl\/wp-json\/wp\/v2\/types\/page"}],"author":[{"embeddable":true,"href":"https:\/\/kroonintcoating.com\/pl\/wp-json\/wp\/v2\/users\/4"}],"replies":[{"embeddable":true,"href":"https:\/\/kroonintcoating.com\/pl\/wp-json\/wp\/v2\/comments?post=969"}],"version-history":[{"count":6,"href":"https:\/\/kroonintcoating.com\/pl\/wp-json\/wp\/v2\/pages\/969\/revisions"}],"predecessor-version":[{"id":1261,"href":"https:\/\/kroonintcoating.com\/pl\/wp-json\/wp\/v2\/pages\/969\/revisions\/1261"}],"wp:attachment":[{"href":"https:\/\/kroonintcoating.com\/pl\/wp-json\/wp\/v2\/media?parent=969"}],"curies":[{"name":"wp","href":"https:\/\/api.w.org\/{rel}","templated":true}]}}